{"id":1340,"date":"2024-10-04T11:56:00","date_gmt":"2024-10-04T09:56:00","guid":{"rendered":"https:\/\/culturaalimentaria.org\/2024\/?page_id=1340"},"modified":"2024-10-04T11:56:00","modified_gmt":"2024-10-04T09:56:00","slug":"la-caravana-libre-de-toxicos","status":"publish","type":"page","link":"https:\/\/culturaalimentaria.org\/2024\/la-caravana-libre-de-toxicos\/","title":{"rendered":"La caravana libre de t\u00f3xicos"},"content":{"rendered":"\n<figure class=\"wp-block-image size-full is-resized\"><img loading=\"lazy\" decoding=\"async\" width=\"304\" height=\"380\" src=\"https:\/\/culturaalimentaria.org\/2024\/wp-content\/uploads\/2024\/10\/La-caravana-Libre-de-Toxicos-304px.webp\" alt=\"\" class=\"wp-image-1342\" style=\"width:304px;height:auto\" srcset=\"https:\/\/culturaalimentaria.org\/2024\/wp-content\/uploads\/2024\/10\/La-caravana-Libre-de-Toxicos-304px.webp 304w, https:\/\/culturaalimentaria.org\/2024\/wp-content\/uploads\/2024\/10\/La-caravana-Libre-de-Toxicos-304px-240x300.webp 240w\" sizes=\"auto, (max-width: 304px) 100vw, 304px\" \/><\/figure>\n\n\n\n<p class=\"has-medium-font-size\"><strong>SINOPSIS<\/strong><br>La llamada \u201cCaravana libre de t\u00f3xicos\u201d es un corto documental impulsado por SEAE con el objetivo de analizar y visibilizar el impacto y los efectos del uso de plaguicidas sint\u00e9ticos en la salud de las personas y del medio ambiente. Con esta caravana, se han recorrido las CCAA de Baleares, Catalunya, C. Valenciana, Andaluc\u00eda, Murcia, Castilla y Le\u00f3n, La Rioja\u2026. para realizar toma de muestras de suelo, agua y sedimentos, en diferentes localizaciones ubicadas en terrenos agr\u00edcolas o colindantes, y analizarlas en laboratorios especializados. Los resultados de esta toma de muestras son impactantes as\u00ed como los testimonios que aparecen en este documental.<\/p>\n\n\n\n<p class=\"has-medium-font-size\"><strong>Duraci\u00f3n:<\/strong> 16 min.<br><strong>Producido por:<\/strong> Xavi L\u00f3pez Coma<br><strong>Impulsado por:<\/strong> SEAE (Sociedad Espa\u00f1ola de Agricultura Ecol\u00f3gica y Agroecolog\u00eda)<br><br><strong><a href=\"https:\/\/www.sembrandonarrativas.com\/\" target=\"_blank\" rel=\"noreferrer noopener\">https:\/\/www.sembrandonarrativas.com\/<\/a><\/strong><\/p>\n\n\n\n<p class=\"has-medium-font-size\"><\/p>\n","protected":false},"excerpt":{"rendered":"<p>SINOPSISLa llamada \u201cCaravana libre de t\u00f3xicos\u201d es un corto documental impulsado por SEAE con el objetivo de analizar y visibilizar el impacto y los efectos<\/p>\n","protected":false},"author":1,"featured_media":0,"parent":0,"menu_order":0,"comment_status":"open","ping_status":"open","template":"","meta":{"footnotes":""},"class_list":["post-1340","page","type-page","status-publish","hentry"],"_links":{"self":[{"href":"https:\/\/culturaalimentaria.org\/2024\/wp-json\/wp\/v2\/pages\/1340","targetHints":{"allow":["GET"]}}],"collection":[{"href":"https:\/\/culturaalimentaria.org\/2024\/wp-json\/wp\/v2\/pages"}],"about":[{"href":"https:\/\/culturaalimentaria.org\/2024\/wp-json\/wp\/v2\/types\/page"}],"author":[{"embeddable":true,"href":"https:\/\/culturaalimentaria.org\/2024\/wp-json\/wp\/v2\/users\/1"}],"replies":[{"embeddable":true,"href":"https:\/\/culturaalimentaria.org\/2024\/wp-json\/wp\/v2\/comments?post=1340"}],"version-history":[{"count":1,"href":"https:\/\/culturaalimentaria.org\/2024\/wp-json\/wp\/v2\/pages\/1340\/revisions"}],"predecessor-version":[{"id":1343,"href":"https:\/\/culturaalimentaria.org\/2024\/wp-json\/wp\/v2\/pages\/1340\/revisions\/1343"}],"wp:attachment":[{"href":"https:\/\/culturaalimentaria.org\/2024\/wp-json\/wp\/v2\/media?parent=1340"}],"curies":[{"name":"wp","href":"https:\/\/api.w.org\/{rel}","templated":true}]}}