{"id":1433,"date":"2024-10-09T19:05:01","date_gmt":"2024-10-09T17:05:01","guid":{"rendered":"https:\/\/culturaalimentaria.org\/2024\/?page_id=1433"},"modified":"2024-10-09T19:05:01","modified_gmt":"2024-10-09T17:05:01","slug":"el-negocio-mundial-de-la-alimentacion","status":"publish","type":"page","link":"https:\/\/culturaalimentaria.org\/2024\/el-negocio-mundial-de-la-alimentacion\/","title":{"rendered":"El negocio mundial de la alimentaci\u00f3n"},"content":{"rendered":"\n<figure class=\"wp-block-image size-full is-resized\"><img loading=\"lazy\" decoding=\"async\" width=\"425\" height=\"638\" src=\"https:\/\/culturaalimentaria.org\/2024\/wp-content\/uploads\/2024\/10\/El-negocio-mundial-de-la-alimentacion.webp\" alt=\"\" class=\"wp-image-1221\" style=\"width:304px;height:auto\" srcset=\"https:\/\/culturaalimentaria.org\/2024\/wp-content\/uploads\/2024\/10\/El-negocio-mundial-de-la-alimentacion.webp 425w, https:\/\/culturaalimentaria.org\/2024\/wp-content\/uploads\/2024\/10\/El-negocio-mundial-de-la-alimentacion-200x300.webp 200w\" sizes=\"auto, (max-width: 425px) 100vw, 425px\" \/><\/figure>\n\n\n\n<p class=\"has-medium-font-size\"><strong>El negocio mundial de la alimentaci\u00f3n<\/strong><\/p>\n\n\n\n<p class=\"has-medium-font-size\"><strong>Sipnosis:<\/strong><br>El documental explora el impacto de la agroindustria a nivel global, analizando c\u00f3mo la agricultura industrial ha transformado el mercado alimentario mundial. Con el crecimiento de este modelo, los peque\u00f1os agricultores se ven obligados a abandonar sus tierras, mientras regiones enteras se convierten en zonas de producci\u00f3n masiva. La pel\u00edcula aborda tanto los efectos destructivos de la agroindustria sobre el medio ambiente y la sociedad como sus aspectos lucrativos, mostrando las din\u00e1micas que hacen que la industria alimentaria sea un negocio rentable pero con un alto costo social y ecol\u00f3gico\u200b.<\/p>\n\n\n\n<p class=\"has-medium-font-size\">El filme ofrece una mirada cr\u00edtica a los efectos del modelo agr\u00edcola intensivo, destacando el desplazamiento de comunidades y la degradaci\u00f3n del suelo, con un enfoque en las consecuencias para los peque\u00f1os agricultores.<\/p>\n\n\n\n<p class=\"has-medium-font-size\"><strong>Directores:<\/strong> Stefano Liberti y Enrico Parenti<br><strong>A\u00f1o: <\/strong>2019<br><strong>Duraci\u00f3n:<\/strong> 43 minutos<br><strong>Productoras: <\/strong>Elliot Films y Albamada<\/p>\n","protected":false},"excerpt":{"rendered":"<p>El negocio mundial de la alimentaci\u00f3n Sipnosis:El documental explora el impacto de la agroindustria a nivel global, analizando c\u00f3mo la agricultura industrial ha transformado el<\/p>\n","protected":false},"author":1,"featured_media":0,"parent":0,"menu_order":0,"comment_status":"open","ping_status":"open","template":"","meta":{"footnotes":""},"class_list":["post-1433","page","type-page","status-publish","hentry"],"_links":{"self":[{"href":"https:\/\/culturaalimentaria.org\/2024\/wp-json\/wp\/v2\/pages\/1433","targetHints":{"allow":["GET"]}}],"collection":[{"href":"https:\/\/culturaalimentaria.org\/2024\/wp-json\/wp\/v2\/pages"}],"about":[{"href":"https:\/\/culturaalimentaria.org\/2024\/wp-json\/wp\/v2\/types\/page"}],"author":[{"embeddable":true,"href":"https:\/\/culturaalimentaria.org\/2024\/wp-json\/wp\/v2\/users\/1"}],"replies":[{"embeddable":true,"href":"https:\/\/culturaalimentaria.org\/2024\/wp-json\/wp\/v2\/comments?post=1433"}],"version-history":[{"count":1,"href":"https:\/\/culturaalimentaria.org\/2024\/wp-json\/wp\/v2\/pages\/1433\/revisions"}],"predecessor-version":[{"id":1434,"href":"https:\/\/culturaalimentaria.org\/2024\/wp-json\/wp\/v2\/pages\/1433\/revisions\/1434"}],"wp:attachment":[{"href":"https:\/\/culturaalimentaria.org\/2024\/wp-json\/wp\/v2\/media?parent=1433"}],"curies":[{"name":"wp","href":"https:\/\/api.w.org\/{rel}","templated":true}]}}