{"id":1436,"date":"2024-10-09T19:10:09","date_gmt":"2024-10-09T17:10:09","guid":{"rendered":"https:\/\/culturaalimentaria.org\/2024\/?page_id=1436"},"modified":"2024-10-09T19:11:58","modified_gmt":"2024-10-09T17:11:58","slug":"one-earth-everything-is-connected","status":"publish","type":"page","link":"https:\/\/culturaalimentaria.org\/2024\/one-earth-everything-is-connected\/","title":{"rendered":"One Earth: Everything is Connected"},"content":{"rendered":"\n<figure class=\"wp-block-image size-full is-resized\"><img loading=\"lazy\" decoding=\"async\" width=\"425\" height=\"638\" src=\"https:\/\/culturaalimentaria.org\/2024\/wp-content\/uploads\/2024\/10\/One-earth.webp\" alt=\"\" class=\"wp-image-1228\" style=\"width:304px;height:auto\" srcset=\"https:\/\/culturaalimentaria.org\/2024\/wp-content\/uploads\/2024\/10\/One-earth.webp 425w, https:\/\/culturaalimentaria.org\/2024\/wp-content\/uploads\/2024\/10\/One-earth-200x300.webp 200w\" sizes=\"auto, (max-width: 425px) 100vw, 425px\" \/><\/figure>\n\n\n\n<p class=\"has-medium-font-size\"><strong>One Earth: Everything is Connected<\/strong><\/p>\n\n\n\n<p class=\"has-medium-font-size\"><strong>Sipnosis:<\/strong><br>El documental aborda la interconexi\u00f3n entre los sistemas alimentarios industriales, el aumento de la producci\u00f3n ganadera, la deforestaci\u00f3n y las crisis clim\u00e1ticas y de biodiversidad. A trav\u00e9s de historias de distintos lugares del mundo, como China, Brasil y los Pa\u00edses Bajos, se exploran las consecuencias del sistema alimentario global en la salud del planeta. La pel\u00edcula denuncia el impacto de la agricultura intensiva y cuestiona la sostenibilidad del modelo actual, mostrando c\u00f3mo cada elemento est\u00e1 interrelacionado y afecta al equilibrio ecol\u00f3gico de la Tierra.<\/p>\n\n\n\n<p class=\"has-medium-font-size\">El documental destaca los desaf\u00edos \u00e9ticos y ambientales que enfrenta la humanidad en la lucha por un futuro sostenible y expone la relaci\u00f3n directa entre la producci\u00f3n de alimentos y la p\u00e9rdida de biodiversidad\u200b.<\/p>\n\n\n\n<p class=\"has-medium-font-size\"><strong>Director: <\/strong>Francesco De Augustinis<br><strong>A\u00f1o: <\/strong>2021<br><strong>Duraci\u00f3n<\/strong>: 93 minutos<br><strong>Producci\u00f3n: <\/strong>One Earth DOC<br><strong>Pa\u00eds:<\/strong> Italia<br><strong>Idiomas:<\/strong> Ingl\u00e9s e italiano<br><strong>Subt\u00edtulos:<\/strong> Espa\u00f1ol<br><strong>Banda sonora:<\/strong> Sebastian Boehnke<\/p>\n","protected":false},"excerpt":{"rendered":"<p>One Earth: Everything is Connected Sipnosis:El documental aborda la interconexi\u00f3n entre los sistemas alimentarios industriales, el aumento de la producci\u00f3n ganadera, la deforestaci\u00f3n y las<\/p>\n","protected":false},"author":1,"featured_media":0,"parent":0,"menu_order":0,"comment_status":"open","ping_status":"open","template":"","meta":{"footnotes":""},"class_list":["post-1436","page","type-page","status-publish","hentry"],"_links":{"self":[{"href":"https:\/\/culturaalimentaria.org\/2024\/wp-json\/wp\/v2\/pages\/1436","targetHints":{"allow":["GET"]}}],"collection":[{"href":"https:\/\/culturaalimentaria.org\/2024\/wp-json\/wp\/v2\/pages"}],"about":[{"href":"https:\/\/culturaalimentaria.org\/2024\/wp-json\/wp\/v2\/types\/page"}],"author":[{"embeddable":true,"href":"https:\/\/culturaalimentaria.org\/2024\/wp-json\/wp\/v2\/users\/1"}],"replies":[{"embeddable":true,"href":"https:\/\/culturaalimentaria.org\/2024\/wp-json\/wp\/v2\/comments?post=1436"}],"version-history":[{"count":2,"href":"https:\/\/culturaalimentaria.org\/2024\/wp-json\/wp\/v2\/pages\/1436\/revisions"}],"predecessor-version":[{"id":1439,"href":"https:\/\/culturaalimentaria.org\/2024\/wp-json\/wp\/v2\/pages\/1436\/revisions\/1439"}],"wp:attachment":[{"href":"https:\/\/culturaalimentaria.org\/2024\/wp-json\/wp\/v2\/media?parent=1436"}],"curies":[{"name":"wp","href":"https:\/\/api.w.org\/{rel}","templated":true}]}}