{"id":52,"date":"2015-07-20T10:48:26","date_gmt":"2015-07-20T10:48:26","guid":{"rendered":"http:\/\/demo.themegrill.com\/himalayas-pro\/?page_id=52"},"modified":"2024-10-11T18:34:39","modified_gmt":"2024-10-11T16:34:39","slug":"debates","status":"publish","type":"page","link":"https:\/\/culturaalimentaria.org\/2024\/debates\/","title":{"rendered":"Debates"},"content":{"rendered":"\n<p class=\"has-medium-font-size\">Se realizar\u00e1n Encuentros para el debate: bajo un esquema y mec\u00e1nica previamente establecidos consistente en exponer al p\u00fablico diferentes problem\u00e1ticas por medio de una breve introducci\u00f3n y con la realizaci\u00f3n de diversas preguntas a los asistentes con el objetivo principal del intercambio de ideas, en un marco de respeto y civilidad entre los participantes.<\/p>\n\n\n\n<p class=\"has-medium-font-size\">El debate ser\u00e1 controlado por un moderador que se encargar\u00e1 de esas breves introducciones y motivar\u00e1 el dialogo mediante las preguntas adecuadas propuestas, recogiendo tambi\u00e9n las propuestas por los participantes para su debate. Al finalizar, el moderador, recoger\u00e1 las ideas principales y har\u00e1 un breve repaso con las conclusiones obtenidas.<\/p>\n\n\n\n<p class=\"has-medium-font-size\">Cada debate se extender\u00e1 durante una hora y media en la que se podr\u00e1 debatir entre otros temas:<\/p>\n\n\n\n<ul class=\"wp-block-list\">\n<li class=\"has-medium-font-size\">El desperdicio alimentario como problema \u00e9tico, moral y medioambiental.<\/li>\n\n\n\n<li class=\"has-medium-font-size\">El conocimiento de la procedencia y la forma de producci\u00f3n de nuestros alimentos y su impacto en el medioambiente.<\/li>\n\n\n\n<li class=\"has-medium-font-size\">C\u00f3mo entendemos la agricultura, ganader\u00eda y la pesca actual y su relaci\u00f3n con el medioambiente.<\/li>\n\n\n\n<li class=\"has-medium-font-size\">Como influye la gran distribuci\u00f3n y el marketing en nuestros h\u00e1bitos de consumo alimentarios.<\/li>\n<\/ul>\n","protected":false},"excerpt":{"rendered":"<p>Se realizar\u00e1n Encuentros para el debate: bajo un esquema y mec\u00e1nica previamente establecidos consistente en exponer al p\u00fablico diferentes problem\u00e1ticas por medio de una breve<\/p>\n","protected":false},"author":1,"featured_media":558,"parent":0,"menu_order":0,"comment_status":"open","ping_status":"open","template":"page-templates\/template-services.php","meta":{"footnotes":""},"class_list":["post-52","page","type-page","status-publish","has-post-thumbnail","hentry"],"_links":{"self":[{"href":"https:\/\/culturaalimentaria.org\/2024\/wp-json\/wp\/v2\/pages\/52","targetHints":{"allow":["GET"]}}],"collection":[{"href":"https:\/\/culturaalimentaria.org\/2024\/wp-json\/wp\/v2\/pages"}],"about":[{"href":"https:\/\/culturaalimentaria.org\/2024\/wp-json\/wp\/v2\/types\/page"}],"author":[{"embeddable":true,"href":"https:\/\/culturaalimentaria.org\/2024\/wp-json\/wp\/v2\/users\/1"}],"replies":[{"embeddable":true,"href":"https:\/\/culturaalimentaria.org\/2024\/wp-json\/wp\/v2\/comments?post=52"}],"version-history":[{"count":3,"href":"https:\/\/culturaalimentaria.org\/2024\/wp-json\/wp\/v2\/pages\/52\/revisions"}],"predecessor-version":[{"id":1459,"href":"https:\/\/culturaalimentaria.org\/2024\/wp-json\/wp\/v2\/pages\/52\/revisions\/1459"}],"wp:featuredmedia":[{"embeddable":true,"href":"https:\/\/culturaalimentaria.org\/2024\/wp-json\/wp\/v2\/media\/558"}],"wp:attachment":[{"href":"https:\/\/culturaalimentaria.org\/2024\/wp-json\/wp\/v2\/media?parent=52"}],"curies":[{"name":"wp","href":"https:\/\/api.w.org\/{rel}","templated":true}]}}