{"id":532,"date":"2024-08-21T21:41:51","date_gmt":"2024-08-21T19:41:51","guid":{"rendered":"https:\/\/culturaalimentaria.org\/2024\/?page_id=532"},"modified":"2024-09-06T11:13:38","modified_gmt":"2024-09-06T09:13:38","slug":"asociacion-alimentum","status":"publish","type":"page","link":"https:\/\/culturaalimentaria.org\/2024\/asociacion-alimentum\/","title":{"rendered":"ASOCIACI\u00d3N ALIMENTUM"},"content":{"rendered":"\n<p class=\"has-medium-font-size\">Entidad sin fines de lucro, cuyo objetivo es informar y educar sobre todos los enfoques relacionados con la alimentaci\u00f3n, buscando modelos sostenibles y saludables.<\/p>\n\n\n\n<!--more-->\n\n\n\n<p class=\"has-medium-font-size\">Este objetivo se lleva a cabo buscando siempre modelos sostenibles y saludables en los tres \u00e1mbitos: ambiental, social y econ\u00f3mico.<\/p>\n\n\n\n<p class=\"has-medium-font-size\">No s\u00f3lo como consumidores, sino tambi\u00e9n como ciudadanos cr\u00edticos y responsables, tenemos el poder de impulsar un cambio significativo. Al transformar nuestros h\u00e1bitos, junto con el resto de los actores de la cadena alimentaria, podemos, entre todos, contribuir a un sistema alimentario m\u00e1s sostenible, equitativo y saludable para todos.<\/p>\n\n\n\n<p class=\"has-medium-font-size\">La Campa\u00f1a Cultura Alimentaria es una iniciativa de Asociaci\u00f3n Alimentum, entidad sin fines de lucro, cuyo principal objetivo es informar y educar sobre todos los enfoques relacionados con la alimentaci\u00f3n, buscando modelos sostenibles y saludables en los tres \u00e1mbitos: ambiental, social y econ\u00f3mico.<\/p>\n\n\n\n<p class=\"has-medium-font-size\"><a href=\"http:\/\/asociacionalimentum.org\" data-type=\"link\" data-id=\"http:\/\/asociacionalimentum.org\" target=\"_blank\" rel=\"noreferrer noopener\"><strong>https:\/\/asociacionalimentum.org<\/strong><\/a><\/p>\n\n\n\n<p><\/p>\n","protected":false},"excerpt":{"rendered":"<p>Entidad sin fines de lucro, cuyo objetivo es informar y educar sobre todos los enfoques relacionados con la alimentaci\u00f3n, buscando modelos sostenibles y saludables.<\/p>\n","protected":false},"author":1,"featured_media":974,"parent":0,"menu_order":0,"comment_status":"open","ping_status":"closed","template":"","meta":{"footnotes":""},"class_list":["post-532","page","type-page","status-publish","has-post-thumbnail","hentry"],"_links":{"self":[{"href":"https:\/\/culturaalimentaria.org\/2024\/wp-json\/wp\/v2\/pages\/532","targetHints":{"allow":["GET"]}}],"collection":[{"href":"https:\/\/culturaalimentaria.org\/2024\/wp-json\/wp\/v2\/pages"}],"about":[{"href":"https:\/\/culturaalimentaria.org\/2024\/wp-json\/wp\/v2\/types\/page"}],"author":[{"embeddable":true,"href":"https:\/\/culturaalimentaria.org\/2024\/wp-json\/wp\/v2\/users\/1"}],"replies":[{"embeddable":true,"href":"https:\/\/culturaalimentaria.org\/2024\/wp-json\/wp\/v2\/comments?post=532"}],"version-history":[{"count":34,"href":"https:\/\/culturaalimentaria.org\/2024\/wp-json\/wp\/v2\/pages\/532\/revisions"}],"predecessor-version":[{"id":927,"href":"https:\/\/culturaalimentaria.org\/2024\/wp-json\/wp\/v2\/pages\/532\/revisions\/927"}],"wp:featuredmedia":[{"embeddable":true,"href":"https:\/\/culturaalimentaria.org\/2024\/wp-json\/wp\/v2\/media\/974"}],"wp:attachment":[{"href":"https:\/\/culturaalimentaria.org\/2024\/wp-json\/wp\/v2\/media?parent=532"}],"curies":[{"name":"wp","href":"https:\/\/api.w.org\/{rel}","templated":true}]}}