{"id":641,"date":"2024-08-26T13:34:06","date_gmt":"2024-08-26T11:34:06","guid":{"rendered":"https:\/\/culturaalimentaria.org\/2024\/?page_id=641"},"modified":"2024-08-28T19:19:07","modified_gmt":"2024-08-28T17:19:07","slug":"politica-de-cookies","status":"publish","type":"page","link":"https:\/\/culturaalimentaria.org\/2024\/politica-de-cookies\/","title":{"rendered":"Pol\u00edtica de cookies"},"content":{"rendered":"\n<h2 class=\"wp-block-heading\"><\/h2>\n\n\n\n<p class=\"has-medium-font-size\">El dominio www.culturaalimentaria.org\u00a0utiliza procedimientos autom\u00e1ticos de recogida (Cookies) para reunir informaci\u00f3n personal como puede ser el tipo de navegador o sistema operativo, p\u00e1gina de referencia, ruta, dominio ISP (Proveedor de Internet), etc. todo ello con el fin de mejorar los servicios prestados. Las Cookies nos ayudan a adaptar esta p\u00e1gina web a sus necesidades personales.<\/p>\n\n\n\n<p class=\"has-medium-font-size\">Las cookies son peque\u00f1os archivos que se almacenan en el ordenador del usuario y nos permite reconocerle ayud\u00e1ndonos a mejorar la calidad de nuestra web ya que nos permite personalizar la navegaci\u00f3n de cada usuario por nuestra web. Las cookies actualmente son esenciales para el funcionamiento de internet, aportando innumerables ventajas en la prestaci\u00f3n de servicios interactivos, facilit\u00e1ndole la navegaci\u00f3n y usabilidad de nuestra web.<\/p>\n\n\n\n<p class=\"has-medium-font-size\">Tenga en cuenta que las cookies no pueden da\u00f1ar su equipo y que, a cambio, el que est\u00e9n activadas nos ayudan a identificar y resolver los errores y mejorar la navegabilidad de nuestro sitio.<\/p>\n\n\n\n<p class=\"has-medium-font-size\"><strong>Tipolog\u00eda de cookies:<\/strong><\/p>\n\n\n\n<p class=\"has-medium-font-size\">Para una mayor informaci\u00f3n del usuario sobre la tipolog\u00eda y uso de las cookies le informamos que:<\/p>\n\n\n\n<p class=\"has-medium-font-size\">Desde el punto de vista de \u2018tiempo de vida\u2019 de la cookie (tiempo que la cookie permanece activa en nuestro equipo) podemos diferenciar las cookies entre:<\/p>\n\n\n\n<p class=\"has-medium-font-size\"><strong>Cookies de sesi\u00f3n:<\/strong>\u00a0son cookies temporales que permanecen en el archivo de cookies de su navegador hasta que abandone la p\u00e1gina web, por lo que ninguna queda registrada en el disco duro del usuario. La informaci\u00f3n obtenida por medio de estas cookies, sirven para analizar pautas de tr\u00e1fico en la web. A la larga, esto nos permite proporcionar una mejor experiencia para mejorar el contenido y facilitando su uso.<\/p>\n\n\n\n<p class=\"has-medium-font-size\"><strong>Cookies permanentes:<\/strong>\u00a0son almacenadas en el disco duro y nuestra web las lee cada vez que usted realiza una nueva visita. Una cookie permanente posee una fecha de expiraci\u00f3n determinada. La cookie dejar\u00e1 de funcionar despu\u00e9s de esa fecha. Las utilizamos, generalmente, para facilitar los servicios de compra y registro.<\/p>\n\n\n\n<p class=\"has-medium-font-size\">Desde el punto de vista del uso de cada cookie, podemos diferenciar entre:<\/p>\n\n\n\n<p class=\"has-medium-font-size\"><strong>Cookies Requeridas:<\/strong>&nbsp;son las cookies estrictamente necesarias como por ejemplo, aquellas que sirvan para una correcta navegaci\u00f3n o las que permitan realizar el pago de bienes o servicios solicitados por el usuario o cookies que sirvan para asegurar que el contenido de la p\u00e1gina web se carga eficazmente. Dentro de la categor\u00eda de cookies requeridas se pueden encontrar tambi\u00e9n cookies con las siguientes finalidades:<br>\u2013 Permitir \u00fanicamente la comunicaci\u00f3n entre el equipo del usuario y la red.<br>\u2013 Estrictamente prestar un servicio expresamente solicitado por el usuario.<\/p>\n\n\n\n<p class=\"has-medium-font-size\">En estos dos casos le informamos que no se requiere la informaci\u00f3n y el consentimiento del usuario para la instalaci\u00f3n de las referidas cookies. En concreto, seg\u00fan el Grupo de Trabajo de Expertos de la UE, en el Art\u00edculo 29 de su Dictamen 4\/20123 ha interpretado que entre las cookies exceptuadas estar\u00edan aquellas que tienen por finalidad:<\/p>\n\n\n\n<p class=\"has-medium-font-size\">\u2013 Cookies de \u201centrada del usuario\u201d<br>\u2013 Cookies de autenticaci\u00f3n o identificaci\u00f3n de usuario (\u00fanicamente de sesi\u00f3n)<br>\u2013 Cookies de seguridad del usuario<br>\u2013 Cookies de sesi\u00f3n de reproductor multimedia<br>\u2013 Cookies de sesi\u00f3n para equilibrar la carga<br>\u2013 Cookies de personalizaci\u00f3n de la interfaz de usuario<br>\u2013 Cookies de complemento (plug-in) para intercambiar contenidos sociales<\/p>\n\n\n\n<p class=\"has-medium-font-size\">Para el resto de cookies requeridas no incluidas en los anteriores supuestos requerir\u00e1n la informaci\u00f3n previa y el consentimiento del usuario.<\/p>\n\n\n\n<p class=\"has-medium-font-size\"><strong>\u2013 Cookies funcionales:<\/strong>&nbsp;Son cookies que ayudan al usuario a tener una mejor experiencia de la navegaci\u00f3n por el sitio. Un ejemplo de uso de este tipo de cookies son las que se utilizan para almacenar los datos de navegaci\u00f3n de un determinado idioma.<br><strong>\u2013 Cookies anal\u00edticas:<\/strong>&nbsp;son cookies que nos permiten analizar el uso del sitio web, de manera que podamos medir y mejorar el funcionamiento.<br><strong>\u2013 Cookies de Publicidad y de Terceros:<\/strong>&nbsp;son las cookies usadas por redes sociales, o por complementos externos de contenido como google maps como tambi\u00e9n cookies de empresas publicitarias para publicar anuncios relevantes para sus intereses.<br>Este sitio web guarda toda la informaci\u00f3n recogida a trav\u00e9s de las Cookies en un formato no personalizado (direcci\u00f3n de IP). Este tipo de informaci\u00f3n obtenida a trav\u00e9s de las Cookies no ser\u00e1 revelada fuera de este sitio web, ni utilizada para comunicaciones no solicitadas.<\/p>\n\n\n\n<p class=\"has-medium-font-size\"><strong>Gesti\u00f3n de cookies:<\/strong><\/p>\n\n\n\n<p class=\"has-medium-font-size\">En caso de que el usuario lo quisiera, el registro de las cookies podr\u00e1 estar sujeto a su aceptaci\u00f3n durante la instalaci\u00f3n o puesta al d\u00eda del navegador usado. El usuario puede en todo momento revocar su aceptaci\u00f3n mediante las opciones de configuraci\u00f3n de contenidos y privacidad disponibles en cada navegador. No obstante, en caso de que el usuario no permita la instalaci\u00f3n de cookies en su navegador es posible que no pueda acceder a alguna de las secciones de nuestro sitio web.<\/p>\n\n\n\n<p class=\"has-medium-font-size\">Para m\u00e1s informaci\u00f3n sobre la configuraci\u00f3n apropiada de las cookies y las opciones de activaci\u00f3n, restricci\u00f3n y\/o inhabilitaci\u00f3n se debe acudir en la secci\u00f3n de ayuda de su navegador para saber c\u00f3mo hacerlo.<\/p>\n\n\n\n<p class=\"has-medium-font-size\">Para conocer m\u00e1s sobre las cookies de Google Analytics y c\u00f3mo darlas de baja visitar&nbsp;<a href=\"https:\/\/www.google.com\/analytics\/learn\/privacy.html?hl=es\" target=\"_blank\" rel=\"noreferrer noopener\"><strong>https:\/\/www.google.com\/analytics\/learn\/privacy.html?hl=es<\/strong><\/a><\/p>\n\n\n\n<p class=\"has-medium-font-size\">Para m\u00e1s informaci\u00f3n sobre cookies y sus derechos como usuario puede consultar la Gu\u00eda sobre el uso de cookies elaborada por la Agencia Espa\u00f1ola de Protecci\u00f3n de Datos:<br><strong><a href=\"https:\/\/www.aepd.es\/media\/guias\/guia-privacidad-y-seguridad-en-internet.pdf\" target=\"_blank\" rel=\"noreferrer noopener\">https:\/\/www.aepd.es\/media\/guias\/guia-privacidad-y-seguridad-en-internet.pdf<\/a><\/strong><\/p>\n\n\n\n<hr class=\"wp-block-separator has-alpha-channel-opacity\"\/>\n","protected":false},"excerpt":{"rendered":"<p>El dominio www.culturaalimentaria.org\u00a0utiliza procedimientos autom\u00e1ticos de recogida (Cookies) para reunir informaci\u00f3n personal como puede ser el tipo de navegador o sistema operativo, p\u00e1gina de referencia,<\/p>\n","protected":false},"author":1,"featured_media":0,"parent":0,"menu_order":0,"comment_status":"closed","ping_status":"closed","template":"","meta":{"footnotes":""},"class_list":["post-641","page","type-page","status-publish","hentry"],"_links":{"self":[{"href":"https:\/\/culturaalimentaria.org\/2024\/wp-json\/wp\/v2\/pages\/641","targetHints":{"allow":["GET"]}}],"collection":[{"href":"https:\/\/culturaalimentaria.org\/2024\/wp-json\/wp\/v2\/pages"}],"about":[{"href":"https:\/\/culturaalimentaria.org\/2024\/wp-json\/wp\/v2\/types\/page"}],"author":[{"embeddable":true,"href":"https:\/\/culturaalimentaria.org\/2024\/wp-json\/wp\/v2\/users\/1"}],"replies":[{"embeddable":true,"href":"https:\/\/culturaalimentaria.org\/2024\/wp-json\/wp\/v2\/comments?post=641"}],"version-history":[{"count":2,"href":"https:\/\/culturaalimentaria.org\/2024\/wp-json\/wp\/v2\/pages\/641\/revisions"}],"predecessor-version":[{"id":744,"href":"https:\/\/culturaalimentaria.org\/2024\/wp-json\/wp\/v2\/pages\/641\/revisions\/744"}],"wp:attachment":[{"href":"https:\/\/culturaalimentaria.org\/2024\/wp-json\/wp\/v2\/media?parent=641"}],"curies":[{"name":"wp","href":"https:\/\/api.w.org\/{rel}","templated":true}]}}